{"id":532,"date":"2025-10-10T15:23:47","date_gmt":"2025-10-10T18:23:47","guid":{"rendered":"http:\/\/192.168.0.251\/web_domec\/projects\/"},"modified":"2025-12-04T16:54:52","modified_gmt":"2025-12-04T19:54:52","slug":"work","status":"publish","type":"page","link":"https:\/\/domec.com.py\/web_domec\/work\/","title":{"rendered":"Trabajos"},"content":{"rendered":"\t\t<div data-elementor-type=\"wp-post\" data-elementor-id=\"532\" class=\"elementor elementor-532\">\n\t\t\t\t<div class=\"elementor-element elementor-element-d498350 e-flex e-con-boxed e-con e-parent\" data-id=\"d498350\" data-element_type=\"container\" data-settings=\"{&quot;background_background&quot;:&quot;classic&quot;}\">\n\t\t\t\t\t<div class=\"e-con-inner\">\n\t\t<div class=\"elementor-element elementor-element-9598dd3 e-con-full e-flex e-con e-child\" data-id=\"9598dd3\" data-element_type=\"container\">\n\t\t\t\t<\/div>\n\t\t\t\t\t<\/div>\n\t\t\t\t<\/div>\n\t\t<div class=\"elementor-element elementor-element-d533130 e-flex e-con-boxed e-con e-parent\" data-id=\"d533130\" data-element_type=\"container\">\n\t\t\t\t\t<div class=\"e-con-inner\">\n\t\t\t\t<div class=\"elementor-element elementor-element-db6912d elementor-widget elementor-widget-spacer\" data-id=\"db6912d\" data-element_type=\"widget\" data-widget_type=\"spacer.default\">\n\t\t\t\t<div class=\"elementor-widget-container\">\n\t\t\t\t\t\t\t<div class=\"elementor-spacer\">\n\t\t\t<div class=\"elementor-spacer-inner\"><\/div>\n\t\t<\/div>\n\t\t\t\t\t\t<\/div>\n\t\t\t\t<\/div>\n\t\t\t\t<div class=\"elementor-element elementor-element-adc01d0 elementor-widget elementor-widget-text-editor\" data-id=\"adc01d0\" data-element_type=\"widget\" data-widget_type=\"text-editor.default\">\n\t\t\t\t<div class=\"elementor-widget-container\">\n\t\t\t\t\t\t\t\t\t<p><strong>A lo largo de estos a\u00f1os, hemos desarrollado proyectos de gran envergadura que demuestran nuestra capacidad t\u00e9cnica y compromiso con la calidad. Desde estructuras para transmisi\u00f3n el\u00e9ctrica hasta complejas obras industriales, cada proyecto refleja nuestra dedicaci\u00f3n a la innovaci\u00f3n y la excelencia operativa.<\/strong><\/p>\t\t\t\t\t\t\t\t<\/div>\n\t\t\t\t<\/div>\n\t\t\t\t<div class=\"elementor-element elementor-element-fe6526b elementor-widget elementor-widget-heading\" data-id=\"fe6526b\" data-element_type=\"widget\" data-widget_type=\"heading.default\">\n\t\t\t\t<div class=\"elementor-widget-container\">\n\t\t\t\t\t<h3 class=\"elementor-heading-title elementor-size-default\">Torres para transmisi\u00f3n de Energ\u00eda y Telecomunicaci\u00f3n.<\/h3>\t\t\t\t<\/div>\n\t\t\t\t<\/div>\n\t\t<div class=\"elementor-element elementor-element-4612b68 e-grid e-con-full e-con e-child\" data-id=\"4612b68\" data-element_type=\"container\">\n\t\t\t\t<div class=\"elementor-element elementor-element-740b4a8 elementor-widget elementor-widget-image\" data-id=\"740b4a8\" data-element_type=\"widget\" data-widget_type=\"image.default\">\n\t\t\t\t<div class=\"elementor-widget-container\">\n\t\t\t\t\t\t\t\t\t\t\t\t\t\t\t<img fetchpriority=\"high\" decoding=\"async\" width=\"448\" height=\"336\" src=\"https:\/\/domec.com.py\/web_domec\/wp-content\/uploads\/2025\/12\/Torres_1.jpg\" class=\"attachment-full size-full wp-image-1351\" alt=\"torres 1\" srcset=\"https:\/\/domec.com.py\/web_domec\/wp-content\/uploads\/2025\/12\/Torres_1.jpg 448w, https:\/\/domec.com.py\/web_domec\/wp-content\/uploads\/2025\/12\/Torres_1-300x225.jpg 300w\" sizes=\"(max-width: 448px) 100vw, 448px\" title=\"Trabajos\">\t\t\t\t\t\t\t\t\t\t\t\t\t\t\t<\/div>\n\t\t\t\t<\/div>\n\t\t\t\t<div class=\"elementor-element elementor-element-f15de98 elementor-widget elementor-widget-image\" data-id=\"f15de98\" data-element_type=\"widget\" data-widget_type=\"image.default\">\n\t\t\t\t<div class=\"elementor-widget-container\">\n\t\t\t\t\t\t\t\t\t\t\t\t\t\t\t<img decoding=\"async\" width=\"1024\" height=\"768\" src=\"https:\/\/domec.com.py\/web_domec\/wp-content\/uploads\/2025\/12\/Torres_2-1024x768.jpg\" class=\"attachment-large size-large wp-image-1352\" alt=\"torres 2\" srcset=\"https:\/\/domec.com.py\/web_domec\/wp-content\/uploads\/2025\/12\/Torres_2-1024x768.jpg 1024w, https:\/\/domec.com.py\/web_domec\/wp-content\/uploads\/2025\/12\/Torres_2-300x225.jpg 300w, https:\/\/domec.com.py\/web_domec\/wp-content\/uploads\/2025\/12\/Torres_2-768x576.jpg 768w, https:\/\/domec.com.py\/web_domec\/wp-content\/uploads\/2025\/12\/Torres_2.jpg 1280w\" sizes=\"(max-width: 1024px) 100vw, 1024px\" title=\"Trabajos\">\t\t\t\t\t\t\t\t\t\t\t\t\t\t\t<\/div>\n\t\t\t\t<\/div>\n\t\t\t\t<div class=\"elementor-element elementor-element-04384e4 elementor-widget elementor-widget-image\" data-id=\"04384e4\" data-element_type=\"widget\" data-widget_type=\"image.default\">\n\t\t\t\t<div class=\"elementor-widget-container\">\n\t\t\t\t\t\t\t\t\t\t\t\t\t\t\t<img decoding=\"async\" width=\"1024\" height=\"776\" src=\"https:\/\/domec.com.py\/web_domec\/wp-content\/uploads\/2025\/12\/Torre_4-1024x776.jpg\" class=\"attachment-large size-large wp-image-1353\" alt=\"torre 4\" srcset=\"https:\/\/domec.com.py\/web_domec\/wp-content\/uploads\/2025\/12\/Torre_4-1024x776.jpg 1024w, https:\/\/domec.com.py\/web_domec\/wp-content\/uploads\/2025\/12\/Torre_4-300x227.jpg 300w, https:\/\/domec.com.py\/web_domec\/wp-content\/uploads\/2025\/12\/Torre_4-768x582.jpg 768w, https:\/\/domec.com.py\/web_domec\/wp-content\/uploads\/2025\/12\/Torre_4-1536x1164.jpg 1536w, https:\/\/domec.com.py\/web_domec\/wp-content\/uploads\/2025\/12\/Torre_4-2048x1551.jpg 2048w\" sizes=\"(max-width: 1024px) 100vw, 1024px\" title=\"Trabajos\">\t\t\t\t\t\t\t\t\t\t\t\t\t\t\t<\/div>\n\t\t\t\t<\/div>\n\t\t\t\t<div class=\"elementor-element elementor-element-88df41e elementor-widget elementor-widget-image\" data-id=\"88df41e\" data-element_type=\"widget\" data-widget_type=\"image.default\">\n\t\t\t\t<div class=\"elementor-widget-container\">\n\t\t\t\t\t\t\t\t\t\t\t\t\t\t\t<img loading=\"lazy\" decoding=\"async\" width=\"1024\" height=\"768\" src=\"https:\/\/domec.com.py\/web_domec\/wp-content\/uploads\/2025\/12\/Torre_3-1024x768.jpg\" class=\"attachment-large size-large wp-image-1354\" alt=\"torre 3\" srcset=\"https:\/\/domec.com.py\/web_domec\/wp-content\/uploads\/2025\/12\/Torre_3-1024x768.jpg 1024w, https:\/\/domec.com.py\/web_domec\/wp-content\/uploads\/2025\/12\/Torre_3-300x225.jpg 300w, https:\/\/domec.com.py\/web_domec\/wp-content\/uploads\/2025\/12\/Torre_3-768x576.jpg 768w, https:\/\/domec.com.py\/web_domec\/wp-content\/uploads\/2025\/12\/Torre_3-1536x1152.jpg 1536w, https:\/\/domec.com.py\/web_domec\/wp-content\/uploads\/2025\/12\/Torre_3-2048x1536.jpg 2048w\" sizes=\"(max-width: 1024px) 100vw, 1024px\" title=\"Trabajos\">\t\t\t\t\t\t\t\t\t\t\t\t\t\t\t<\/div>\n\t\t\t\t<\/div>\n\t\t\t\t<div class=\"elementor-element elementor-element-c494b7f elementor-widget elementor-widget-image\" data-id=\"c494b7f\" data-element_type=\"widget\" data-widget_type=\"image.default\">\n\t\t\t\t<div class=\"elementor-widget-container\">\n\t\t\t\t\t\t\t\t\t\t\t\t\t\t\t<img loading=\"lazy\" decoding=\"async\" width=\"1024\" height=\"754\" src=\"https:\/\/domec.com.py\/web_domec\/wp-content\/uploads\/2025\/10\/WhatsApp-Image-2024-09-02-at-10.46.30-AM-1024x754.jpeg\" class=\"attachment-large size-large wp-image-1082\" alt=\"whatsapp image 2024 09 02 at 10.46.30 am\" srcset=\"https:\/\/domec.com.py\/web_domec\/wp-content\/uploads\/2025\/10\/WhatsApp-Image-2024-09-02-at-10.46.30-AM-1024x754.jpeg 1024w, https:\/\/domec.com.py\/web_domec\/wp-content\/uploads\/2025\/10\/WhatsApp-Image-2024-09-02-at-10.46.30-AM-300x221.jpeg 300w, https:\/\/domec.com.py\/web_domec\/wp-content\/uploads\/2025\/10\/WhatsApp-Image-2024-09-02-at-10.46.30-AM-768x565.jpeg 768w, https:\/\/domec.com.py\/web_domec\/wp-content\/uploads\/2025\/10\/WhatsApp-Image-2024-09-02-at-10.46.30-AM.jpeg 1080w\" sizes=\"(max-width: 1024px) 100vw, 1024px\" title=\"Trabajos\">\t\t\t\t\t\t\t\t\t\t\t\t\t\t\t<\/div>\n\t\t\t\t<\/div>\n\t\t\t\t<div class=\"elementor-element elementor-element-60b64e8 elementor-widget elementor-widget-image\" data-id=\"60b64e8\" data-element_type=\"widget\" data-widget_type=\"image.default\">\n\t\t\t\t<div class=\"elementor-widget-container\">\n\t\t\t\t\t\t\t\t\t\t\t\t\t\t\t<img decoding=\"async\" src=\"https:\/\/domec.com.py\/web_domec\/wp-content\/uploads\/elementor\/thumbs\/Torre-L.Transmision-1-e1760554187109-rd98lb2fcffj7ema7u579bhviidm9ltpetpzs9ymd4.jpeg\" title=\"torre l.transmision 1\" alt=\"torre l.transmision 1\" loading=\"lazy\" \/>\t\t\t\t\t\t\t\t\t\t\t\t\t\t\t<\/div>\n\t\t\t\t<\/div>\n\t\t\t\t<\/div>\n\t\t\t\t<div class=\"elementor-element elementor-element-a909e74 elementor-widget elementor-widget-heading\" data-id=\"a909e74\" data-element_type=\"widget\" data-widget_type=\"heading.default\">\n\t\t\t\t<div class=\"elementor-widget-container\">\n\t\t\t\t\t<h3 class=\"elementor-heading-title elementor-size-default\">Estructuras Met\u00e1licas<\/h3>\t\t\t\t<\/div>\n\t\t\t\t<\/div>\n\t\t<div class=\"elementor-element elementor-element-d956164 e-grid e-con-full e-con e-child\" data-id=\"d956164\" data-element_type=\"container\">\n\t\t\t\t<div class=\"elementor-element elementor-element-f36a3d2 elementor-widget elementor-widget-image\" data-id=\"f36a3d2\" data-element_type=\"widget\" data-widget_type=\"image.default\">\n\t\t\t\t<div class=\"elementor-widget-container\">\n\t\t\t\t\t\t\t\t\t\t\t\t\t\t\t<img loading=\"lazy\" decoding=\"async\" width=\"1024\" height=\"768\" src=\"https:\/\/domec.com.py\/web_domec\/wp-content\/uploads\/2025\/12\/estructura_6-1024x768.jpeg\" class=\"attachment-large size-large wp-image-1377\" alt=\"estructura 6\" srcset=\"https:\/\/domec.com.py\/web_domec\/wp-content\/uploads\/2025\/12\/estructura_6-1024x768.jpeg 1024w, https:\/\/domec.com.py\/web_domec\/wp-content\/uploads\/2025\/12\/estructura_6-300x225.jpeg 300w, https:\/\/domec.com.py\/web_domec\/wp-content\/uploads\/2025\/12\/estructura_6-768x576.jpeg 768w, https:\/\/domec.com.py\/web_domec\/wp-content\/uploads\/2025\/12\/estructura_6-1536x1152.jpeg 1536w, https:\/\/domec.com.py\/web_domec\/wp-content\/uploads\/2025\/12\/estructura_6.jpeg 1600w\" sizes=\"(max-width: 1024px) 100vw, 1024px\" title=\"Trabajos\">\t\t\t\t\t\t\t\t\t\t\t\t\t\t\t<\/div>\n\t\t\t\t<\/div>\n\t\t\t\t<div class=\"elementor-element elementor-element-d3a296d elementor-widget elementor-widget-image\" data-id=\"d3a296d\" data-element_type=\"widget\" data-widget_type=\"image.default\">\n\t\t\t\t<div class=\"elementor-widget-container\">\n\t\t\t\t\t\t\t\t\t\t\t\t\t\t\t<img loading=\"lazy\" decoding=\"async\" width=\"1024\" height=\"576\" src=\"https:\/\/domec.com.py\/web_domec\/wp-content\/uploads\/2025\/12\/estructura_5-1024x576.jpeg\" class=\"attachment-large size-large wp-image-1376\" alt=\"estructura 5\" srcset=\"https:\/\/domec.com.py\/web_domec\/wp-content\/uploads\/2025\/12\/estructura_5-1024x576.jpeg 1024w, https:\/\/domec.com.py\/web_domec\/wp-content\/uploads\/2025\/12\/estructura_5-300x169.jpeg 300w, https:\/\/domec.com.py\/web_domec\/wp-content\/uploads\/2025\/12\/estructura_5-768x432.jpeg 768w, https:\/\/domec.com.py\/web_domec\/wp-content\/uploads\/2025\/12\/estructura_5-1536x864.jpeg 1536w, https:\/\/domec.com.py\/web_domec\/wp-content\/uploads\/2025\/12\/estructura_5.jpeg 1599w\" sizes=\"(max-width: 1024px) 100vw, 1024px\" title=\"Trabajos\">\t\t\t\t\t\t\t\t\t\t\t\t\t\t\t<\/div>\n\t\t\t\t<\/div>\n\t\t\t\t<div class=\"elementor-element elementor-element-1567883 elementor-widget elementor-widget-image\" data-id=\"1567883\" data-element_type=\"widget\" data-widget_type=\"image.default\">\n\t\t\t\t<div class=\"elementor-widget-container\">\n\t\t\t\t\t\t\t\t\t\t\t\t\t\t\t<img loading=\"lazy\" decoding=\"async\" width=\"1024\" height=\"576\" src=\"https:\/\/domec.com.py\/web_domec\/wp-content\/uploads\/2025\/12\/estructura_4-1024x576.jpeg\" class=\"attachment-large size-large wp-image-1378\" alt=\"estructura 4\" srcset=\"https:\/\/domec.com.py\/web_domec\/wp-content\/uploads\/2025\/12\/estructura_4-1024x576.jpeg 1024w, https:\/\/domec.com.py\/web_domec\/wp-content\/uploads\/2025\/12\/estructura_4-300x169.jpeg 300w, https:\/\/domec.com.py\/web_domec\/wp-content\/uploads\/2025\/12\/estructura_4-768x432.jpeg 768w, https:\/\/domec.com.py\/web_domec\/wp-content\/uploads\/2025\/12\/estructura_4-1536x864.jpeg 1536w, https:\/\/domec.com.py\/web_domec\/wp-content\/uploads\/2025\/12\/estructura_4.jpeg 1600w\" sizes=\"(max-width: 1024px) 100vw, 1024px\" title=\"Trabajos\">\t\t\t\t\t\t\t\t\t\t\t\t\t\t\t<\/div>\n\t\t\t\t<\/div>\n\t\t\t\t<div class=\"elementor-element elementor-element-ae4e977 elementor-widget elementor-widget-image\" data-id=\"ae4e977\" data-element_type=\"widget\" data-widget_type=\"image.default\">\n\t\t\t\t<div class=\"elementor-widget-container\">\n\t\t\t\t\t\t\t\t\t\t\t\t\t\t\t<img loading=\"lazy\" decoding=\"async\" width=\"1024\" height=\"768\" src=\"https:\/\/domec.com.py\/web_domec\/wp-content\/uploads\/2025\/12\/estructura_1-1024x768.jpg\" class=\"attachment-large size-large wp-image-1372\" alt=\"estructura 1\" srcset=\"https:\/\/domec.com.py\/web_domec\/wp-content\/uploads\/2025\/12\/estructura_1-1024x768.jpg 1024w, https:\/\/domec.com.py\/web_domec\/wp-content\/uploads\/2025\/12\/estructura_1-300x225.jpg 300w, https:\/\/domec.com.py\/web_domec\/wp-content\/uploads\/2025\/12\/estructura_1-768x576.jpg 768w, https:\/\/domec.com.py\/web_domec\/wp-content\/uploads\/2025\/12\/estructura_1-1536x1152.jpg 1536w, https:\/\/domec.com.py\/web_domec\/wp-content\/uploads\/2025\/12\/estructura_1.jpg 1600w\" sizes=\"(max-width: 1024px) 100vw, 1024px\" title=\"Trabajos\">\t\t\t\t\t\t\t\t\t\t\t\t\t\t\t<\/div>\n\t\t\t\t<\/div>\n\t\t\t\t<div class=\"elementor-element elementor-element-2fb605d elementor-widget elementor-widget-image\" data-id=\"2fb605d\" data-element_type=\"widget\" data-widget_type=\"image.default\">\n\t\t\t\t<div class=\"elementor-widget-container\">\n\t\t\t\t\t\t\t\t\t\t\t\t\t\t\t<img loading=\"lazy\" decoding=\"async\" width=\"1024\" height=\"768\" src=\"https:\/\/domec.com.py\/web_domec\/wp-content\/uploads\/2025\/12\/estructura_2-1024x768.jpg\" class=\"attachment-large size-large wp-image-1373\" alt=\"estructura 2\" srcset=\"https:\/\/domec.com.py\/web_domec\/wp-content\/uploads\/2025\/12\/estructura_2-1024x768.jpg 1024w, https:\/\/domec.com.py\/web_domec\/wp-content\/uploads\/2025\/12\/estructura_2-300x225.jpg 300w, https:\/\/domec.com.py\/web_domec\/wp-content\/uploads\/2025\/12\/estructura_2-768x576.jpg 768w, https:\/\/domec.com.py\/web_domec\/wp-content\/uploads\/2025\/12\/estructura_2-1536x1152.jpg 1536w, https:\/\/domec.com.py\/web_domec\/wp-content\/uploads\/2025\/12\/estructura_2-2048x1536.jpg 2048w\" sizes=\"(max-width: 1024px) 100vw, 1024px\" title=\"Trabajos\">\t\t\t\t\t\t\t\t\t\t\t\t\t\t\t<\/div>\n\t\t\t\t<\/div>\n\t\t\t\t<div class=\"elementor-element elementor-element-4807404 elementor-widget elementor-widget-image\" data-id=\"4807404\" data-element_type=\"widget\" data-widget_type=\"image.default\">\n\t\t\t\t<div class=\"elementor-widget-container\">\n\t\t\t\t\t\t\t\t\t\t\t\t\t\t\t<img loading=\"lazy\" decoding=\"async\" width=\"1024\" height=\"768\" src=\"https:\/\/domec.com.py\/web_domec\/wp-content\/uploads\/2025\/12\/estructura_3-1024x768.jpg\" class=\"attachment-large size-large wp-image-1375\" alt=\"estructura 3\" srcset=\"https:\/\/domec.com.py\/web_domec\/wp-content\/uploads\/2025\/12\/estructura_3-1024x768.jpg 1024w, https:\/\/domec.com.py\/web_domec\/wp-content\/uploads\/2025\/12\/estructura_3-300x225.jpg 300w, https:\/\/domec.com.py\/web_domec\/wp-content\/uploads\/2025\/12\/estructura_3-768x576.jpg 768w, https:\/\/domec.com.py\/web_domec\/wp-content\/uploads\/2025\/12\/estructura_3-1536x1152.jpg 1536w, https:\/\/domec.com.py\/web_domec\/wp-content\/uploads\/2025\/12\/estructura_3-2048x1536.jpg 2048w\" sizes=\"(max-width: 1024px) 100vw, 1024px\" title=\"Trabajos\">\t\t\t\t\t\t\t\t\t\t\t\t\t\t\t<\/div>\n\t\t\t\t<\/div>\n\t\t\t\t<\/div>\n\t\t\t\t<div class=\"elementor-element elementor-element-a0ac686 elementor-widget elementor-widget-heading\" data-id=\"a0ac686\" data-element_type=\"widget\" data-widget_type=\"heading.default\">\n\t\t\t\t<div class=\"elementor-widget-container\">\n\t\t\t\t\t<h3 class=\"elementor-heading-title elementor-size-default\">Montajes industriales<\/h3>\t\t\t\t<\/div>\n\t\t\t\t<\/div>\n\t\t\t\t\t<\/div>\n\t\t\t\t<\/div>\n\t\t<div class=\"elementor-element elementor-element-cb31bc3 e-grid e-con-boxed e-con e-parent\" data-id=\"cb31bc3\" data-element_type=\"container\">\n\t\t\t\t\t<div class=\"e-con-inner\">\n\t\t\t\t<div class=\"elementor-element elementor-element-37737d5 elementor-widget elementor-widget-image\" data-id=\"37737d5\" data-element_type=\"widget\" data-widget_type=\"image.default\">\n\t\t\t\t<div class=\"elementor-widget-container\">\n\t\t\t\t\t\t\t\t\t\t\t\t\t\t\t<img loading=\"lazy\" decoding=\"async\" width=\"1024\" height=\"768\" src=\"https:\/\/domec.com.py\/web_domec\/wp-content\/uploads\/2025\/12\/montaje_.jpg\" class=\"attachment-large size-large wp-image-1386\" alt=\"montaje !\" srcset=\"https:\/\/domec.com.py\/web_domec\/wp-content\/uploads\/2025\/12\/montaje_.jpg 1024w, https:\/\/domec.com.py\/web_domec\/wp-content\/uploads\/2025\/12\/montaje_-300x225.jpg 300w, https:\/\/domec.com.py\/web_domec\/wp-content\/uploads\/2025\/12\/montaje_-768x576.jpg 768w\" sizes=\"(max-width: 1024px) 100vw, 1024px\" title=\"Trabajos\">\t\t\t\t\t\t\t\t\t\t\t\t\t\t\t<\/div>\n\t\t\t\t<\/div>\n\t\t\t\t<div class=\"elementor-element elementor-element-bb0d227 elementor-widget elementor-widget-image\" data-id=\"bb0d227\" data-element_type=\"widget\" data-widget_type=\"image.default\">\n\t\t\t\t<div class=\"elementor-widget-container\">\n\t\t\t\t\t\t\t\t\t\t\t\t\t\t\t<img loading=\"lazy\" decoding=\"async\" width=\"1024\" height=\"768\" src=\"https:\/\/domec.com.py\/web_domec\/wp-content\/uploads\/2025\/12\/montaje_2-1024x768.jpg\" class=\"attachment-large size-large wp-image-1387\" alt=\"montaje 2\" srcset=\"https:\/\/domec.com.py\/web_domec\/wp-content\/uploads\/2025\/12\/montaje_2-1024x768.jpg 1024w, https:\/\/domec.com.py\/web_domec\/wp-content\/uploads\/2025\/12\/montaje_2-300x225.jpg 300w, https:\/\/domec.com.py\/web_domec\/wp-content\/uploads\/2025\/12\/montaje_2-768x576.jpg 768w, https:\/\/domec.com.py\/web_domec\/wp-content\/uploads\/2025\/12\/montaje_2-1536x1152.jpg 1536w, https:\/\/domec.com.py\/web_domec\/wp-content\/uploads\/2025\/12\/montaje_2-2048x1536.jpg 2048w\" sizes=\"(max-width: 1024px) 100vw, 1024px\" title=\"Trabajos\">\t\t\t\t\t\t\t\t\t\t\t\t\t\t\t<\/div>\n\t\t\t\t<\/div>\n\t\t\t\t<div class=\"elementor-element elementor-element-24600bb elementor-widget elementor-widget-image\" data-id=\"24600bb\" data-element_type=\"widget\" data-widget_type=\"image.default\">\n\t\t\t\t<div class=\"elementor-widget-container\">\n\t\t\t\t\t\t\t\t\t\t\t\t\t\t\t<img loading=\"lazy\" decoding=\"async\" width=\"800\" height=\"600\" src=\"https:\/\/domec.com.py\/web_domec\/wp-content\/uploads\/2025\/12\/montaje_3.jpg\" class=\"attachment-large size-large wp-image-1388\" alt=\"montaje 3\" srcset=\"https:\/\/domec.com.py\/web_domec\/wp-content\/uploads\/2025\/12\/montaje_3.jpg 800w, https:\/\/domec.com.py\/web_domec\/wp-content\/uploads\/2025\/12\/montaje_3-300x225.jpg 300w, https:\/\/domec.com.py\/web_domec\/wp-content\/uploads\/2025\/12\/montaje_3-768x576.jpg 768w\" sizes=\"(max-width: 800px) 100vw, 800px\" title=\"Trabajos\">\t\t\t\t\t\t\t\t\t\t\t\t\t\t\t<\/div>\n\t\t\t\t<\/div>\n\t\t\t\t<div class=\"elementor-element elementor-element-9fe6816 elementor-widget elementor-widget-image\" data-id=\"9fe6816\" data-element_type=\"widget\" data-widget_type=\"image.default\">\n\t\t\t\t<div class=\"elementor-widget-container\">\n\t\t\t\t\t\t\t\t\t\t\t\t\t\t\t<img loading=\"lazy\" decoding=\"async\" width=\"800\" height=\"600\" src=\"https:\/\/domec.com.py\/web_domec\/wp-content\/uploads\/2025\/12\/montaje_4.jpg\" class=\"attachment-large size-large wp-image-1389\" alt=\"montaje 4\" srcset=\"https:\/\/domec.com.py\/web_domec\/wp-content\/uploads\/2025\/12\/montaje_4.jpg 800w, https:\/\/domec.com.py\/web_domec\/wp-content\/uploads\/2025\/12\/montaje_4-300x225.jpg 300w, https:\/\/domec.com.py\/web_domec\/wp-content\/uploads\/2025\/12\/montaje_4-768x576.jpg 768w\" sizes=\"(max-width: 800px) 100vw, 800px\" title=\"Trabajos\">\t\t\t\t\t\t\t\t\t\t\t\t\t\t\t<\/div>\n\t\t\t\t<\/div>\n\t\t\t\t<div class=\"elementor-element elementor-element-151a7c7 elementor-widget elementor-widget-image\" data-id=\"151a7c7\" data-element_type=\"widget\" data-widget_type=\"image.default\">\n\t\t\t\t<div class=\"elementor-widget-container\">\n\t\t\t\t\t\t\t\t\t\t\t\t\t\t\t<img loading=\"lazy\" decoding=\"async\" width=\"1024\" height=\"768\" src=\"https:\/\/domec.com.py\/web_domec\/wp-content\/uploads\/2025\/12\/montaje_5.jpg\" class=\"attachment-large size-large wp-image-1390\" alt=\"montaje 5\" srcset=\"https:\/\/domec.com.py\/web_domec\/wp-content\/uploads\/2025\/12\/montaje_5.jpg 1024w, https:\/\/domec.com.py\/web_domec\/wp-content\/uploads\/2025\/12\/montaje_5-300x225.jpg 300w, https:\/\/domec.com.py\/web_domec\/wp-content\/uploads\/2025\/12\/montaje_5-768x576.jpg 768w\" sizes=\"(max-width: 1024px) 100vw, 1024px\" title=\"Trabajos\">\t\t\t\t\t\t\t\t\t\t\t\t\t\t\t<\/div>\n\t\t\t\t<\/div>\n\t\t\t\t<div class=\"elementor-element elementor-element-c2c55a1 elementor-widget elementor-widget-image\" data-id=\"c2c55a1\" data-element_type=\"widget\" data-widget_type=\"image.default\">\n\t\t\t\t<div class=\"elementor-widget-container\">\n\t\t\t\t\t\t\t\t\t\t\t\t\t\t\t<img loading=\"lazy\" decoding=\"async\" width=\"800\" height=\"600\" src=\"https:\/\/domec.com.py\/web_domec\/wp-content\/uploads\/2025\/12\/montaje_6.jpg\" class=\"attachment-large size-large wp-image-1391\" alt=\"montaje 6\" srcset=\"https:\/\/domec.com.py\/web_domec\/wp-content\/uploads\/2025\/12\/montaje_6.jpg 800w, https:\/\/domec.com.py\/web_domec\/wp-content\/uploads\/2025\/12\/montaje_6-300x225.jpg 300w, https:\/\/domec.com.py\/web_domec\/wp-content\/uploads\/2025\/12\/montaje_6-768x576.jpg 768w\" sizes=\"(max-width: 800px) 100vw, 800px\" title=\"Trabajos\">\t\t\t\t\t\t\t\t\t\t\t\t\t\t\t<\/div>\n\t\t\t\t<\/div>\n\t\t\t\t\t<\/div>\n\t\t\t\t<\/div>\n\t\t\t\t<\/div>\n\t\t","protected":false},"excerpt":{"rendered":"<p>A lo largo de estos a\u00f1os, hemos desarrollado proyectos de gran envergadura que demuestran nuestra capacidad t\u00e9cnica y compromiso con la calidad. Desde estructuras para transmisi\u00f3n el\u00e9ctrica hasta complejas obras industriales, cada proyecto refleja nuestra dedicaci\u00f3n a la innovaci\u00f3n y la excelencia operativa. Torres para transmisi\u00f3n de Energ\u00eda y Telecomunicaci\u00f3n. Estructuras Met\u00e1licas Montajes industriales<\/p>\n","protected":false},"author":1,"featured_media":0,"parent":0,"menu_order":0,"comment_status":"closed","ping_status":"closed","template":"","meta":{"site-sidebar-layout":"no-sidebar","site-content-layout":"page-builder","ast-site-content-layout":"default","site-content-style":"default","site-sidebar-style":"default","ast-global-header-display":"","ast-banner-title-visibility":"","ast-main-header-display":"","ast-hfb-above-header-display":"","ast-hfb-below-header-display":"","ast-hfb-mobile-header-display":"","site-post-title":"","ast-breadcrumbs-content":"","ast-featured-img":"disabled","footer-sml-layout":"","theme-transparent-header-meta":"enabled","adv-header-id-meta":"","stick-header-meta":"","header-above-stick-meta":"","header-main-stick-meta":"","header-below-stick-meta":"","astra-migrate-meta-layouts":"default","ast-page-background-enabled":"default","ast-page-background-meta":{"desktop":{"background-color":"","background-image":"","background-repeat":"repeat","background-position":"center center","background-size":"auto","background-attachment":"scroll","background-type":"","background-media":"","overlay-type":"","overlay-color":"","overlay-opacity":"","overlay-gradient":""},"tablet":{"background-color":"","background-image":"","background-repeat":"repeat","background-position":"center center","background-size":"auto","background-attachment":"scroll","background-type":"","background-media":"","overlay-type":"","overlay-color":"","overlay-opacity":"","overlay-gradient":""},"mobile":{"background-color":"","background-image":"","background-repeat":"repeat","background-position":"center center","background-size":"auto","background-attachment":"scroll","background-type":"","background-media":"","overlay-type":"","overlay-color":"","overlay-opacity":"","overlay-gradient":""}},"ast-content-background-meta":{"desktop":{"background-color":"var(--ast-global-color-5)","background-image":"","background-repeat":"repeat","background-position":"center center","background-size":"auto","background-attachment":"scroll","background-type":"","background-media":"","overlay-type":"","overlay-color":"","overlay-opacity":"","overlay-gradient":""},"tablet":{"background-color":"var(--ast-global-color-5)","background-image":"","background-repeat":"repeat","background-position":"center center","background-size":"auto","background-attachment":"scroll","background-type":"","background-media":"","overlay-type":"","overlay-color":"","overlay-opacity":"","overlay-gradient":""},"mobile":{"background-color":"var(--ast-global-color-5)","background-image":"","background-repeat":"repeat","background-position":"center center","background-size":"auto","background-attachment":"scroll","background-type":"","background-media":"","overlay-type":"","overlay-color":"","overlay-opacity":"","overlay-gradient":""}},"footnotes":""},"class_list":["post-532","page","type-page","status-publish","hentry"],"_links":{"self":[{"href":"https:\/\/domec.com.py\/web_domec\/wp-json\/wp\/v2\/pages\/532","targetHints":{"allow":["GET"]}}],"collection":[{"href":"https:\/\/domec.com.py\/web_domec\/wp-json\/wp\/v2\/pages"}],"about":[{"href":"https:\/\/domec.com.py\/web_domec\/wp-json\/wp\/v2\/types\/page"}],"author":[{"embeddable":true,"href":"https:\/\/domec.com.py\/web_domec\/wp-json\/wp\/v2\/users\/1"}],"replies":[{"embeddable":true,"href":"https:\/\/domec.com.py\/web_domec\/wp-json\/wp\/v2\/comments?post=532"}],"version-history":[{"count":52,"href":"https:\/\/domec.com.py\/web_domec\/wp-json\/wp\/v2\/pages\/532\/revisions"}],"predecessor-version":[{"id":1418,"href":"https:\/\/domec.com.py\/web_domec\/wp-json\/wp\/v2\/pages\/532\/revisions\/1418"}],"wp:attachment":[{"href":"https:\/\/domec.com.py\/web_domec\/wp-json\/wp\/v2\/media?parent=532"}],"curies":[{"name":"wp","href":"https:\/\/api.w.org\/{rel}","templated":true}]}}